{"id":6192,"date":"2023-03-30T09:41:40","date_gmt":"2023-03-30T07:41:40","guid":{"rendered":"https:\/\/fimacrypto.com\/?page_id=6192"},"modified":"2024-01-15T09:29:33","modified_gmt":"2024-01-15T08:29:33","slug":"blog","status":"publish","type":"page","link":"https:\/\/fimacrypto.com\/hr\/blog\/","title":{"rendered":"Blog"},"content":{"rendered":"\t\t<div data-elementor-type=\"wp-page\" data-elementor-id=\"6192\" class=\"elementor elementor-6192\">\n\t\t\t\t\t\t\t\t\t<section class=\"elementor-section elementor-top-section elementor-element elementor-element-605ec5a elementor-section-boxed elementor-section-height-default elementor-section-height-default\" data-id=\"605ec5a\" data-element_type=\"section\">\n\t\t\t\t\t\t<div class=\"elementor-container elementor-column-gap-default\">\n\t\t\t\t\t<div class=\"elementor-column elementor-col-100 elementor-top-column elementor-element elementor-element-ca1ed3d\" data-id=\"ca1ed3d\" data-element_type=\"column\">\n\t\t\t<div class=\"elementor-widget-wrap elementor-element-populated\">\n\t\t\t\t\t\t\t\t<div class=\"elementor-element elementor-element-3bb2545 elementor-grid-3 elementor-grid-tablet-2 elementor-grid-mobile-1 elementor-posts--thumbnail-top elementor-posts--show-avatar elementor-card-shadow-yes elementor-posts__hover-gradient elementor-widget elementor-widget-posts\" data-id=\"3bb2545\" data-element_type=\"widget\" data-settings=\"{&quot;cards_columns&quot;:&quot;3&quot;,&quot;cards_columns_tablet&quot;:&quot;2&quot;,&quot;cards_columns_mobile&quot;:&quot;1&quot;,&quot;cards_row_gap&quot;:{&quot;unit&quot;:&quot;px&quot;,&quot;size&quot;:35,&quot;sizes&quot;:[]},&quot;cards_row_gap_tablet&quot;:{&quot;unit&quot;:&quot;px&quot;,&quot;size&quot;:&quot;&quot;,&quot;sizes&quot;:[]},&quot;cards_row_gap_mobile&quot;:{&quot;unit&quot;:&quot;px&quot;,&quot;size&quot;:&quot;&quot;,&quot;sizes&quot;:[]}}\" data-widget_type=\"posts.cards\">\n\t\t\t\t<div class=\"elementor-widget-container\">\n\t\t\t\t\t<div class=\"elementor-posts-container elementor-posts elementor-posts--skin-cards elementor-grid\">\n\t\t\t\t<article class=\"elementor-post elementor-grid-item post-9147 post type-post status-publish format-standard has-post-thumbnail hentry category-crypto-blog\">\n\t\t\t<div class=\"elementor-post__card\">\n\t\t\t\t<a class=\"elementor-post__thumbnail__link\" href=\"https:\/\/fimacrypto.com\/hr\/crypto-blog\/special-vise-prihvacanja-i-povjerenja\/\" ><div class=\"elementor-post__thumbnail\"><img loading=\"lazy\" decoding=\"async\" width=\"600\" height=\"242\" src=\"https:\/\/fimacrypto.com\/wp-content\/uploads\/2025\/03\/I.-Jovic-analiza-text-600x242.png\" class=\"attachment-medium size-medium wp-image-9148\" alt=\"blog header\" srcset=\"https:\/\/fimacrypto.com\/wp-content\/uploads\/2025\/03\/I.-Jovic-analiza-text-600x242.png 600w, https:\/\/fimacrypto.com\/wp-content\/uploads\/2025\/03\/I.-Jovic-analiza-text-1024x413.png 1024w, https:\/\/fimacrypto.com\/wp-content\/uploads\/2025\/03\/I.-Jovic-analiza-text-768x310.png 768w, https:\/\/fimacrypto.com\/wp-content\/uploads\/2025\/03\/I.-Jovic-analiza-text.png 1200w\" sizes=\"auto, (max-width: 600px) 100vw, 600px\" \/><\/div><\/a>\n\t\t\t\t<div class=\"elementor-post__avatar\">\n\t\t\t\t\t<\/div>\n\t\t\t\t<div class=\"elementor-post__text\">\n\t\t\t\t<h3 class=\"elementor-post__title\">\n\t\t\t<a href=\"https:\/\/fimacrypto.com\/hr\/crypto-blog\/special-vise-prihvacanja-i-povjerenja\/\" >\n\t\t\t\tSpecial: Vi\u0161e prihva\u0107anja i povjerenja?\t\t\t<\/a>\n\t\t<\/h3>\n\t\t\t\t<div class=\"elementor-post__excerpt\">\n\t\t\t<p>Vi\u0161e prihva\u0107anja i povjerenja? Zaklju\u010dno, \u0161to se ti\u010de ETF-ova, mo\u017ee se re\u0107i: Bitcoin spot ETF-ovi, koje su pokrenuli veliki igra\u010di<\/p>\n\t\t<\/div>\n\t\t\n\t\t<a class=\"elementor-post__read-more\" href=\"https:\/\/fimacrypto.com\/hr\/crypto-blog\/special-vise-prihvacanja-i-povjerenja\/\" aria-label=\"Read more about Special: Vi\u0161e prihva\u0107anja i povjerenja?\" >\n\t\t\tSaznaj vi\u0161e \u00bb\t\t<\/a>\n\n\t\t\t\t<\/div>\n\t\t\t\t<div class=\"elementor-post__meta-data\">\n\t\t\t\t\t<span class=\"elementor-post-date\">\n\t\t\t21.3.2025.\t\t<\/span>\n\t\t\t\t<\/div>\n\t\t\t\t\t<\/div>\n\t\t<\/article>\n\t\t\t\t<article class=\"elementor-post elementor-grid-item post-7655 post type-post status-publish format-standard has-post-thumbnail hentry category-crypto-blog\">\n\t\t\t<div class=\"elementor-post__card\">\n\t\t\t\t<a class=\"elementor-post__thumbnail__link\" href=\"https:\/\/fimacrypto.com\/hr\/crypto-blog\/disciplina-d-dobre-navike-investiranja-i-tigovanja\/\" ><div class=\"elementor-post__thumbnail\"><img loading=\"lazy\" decoding=\"async\" width=\"600\" height=\"242\" src=\"https:\/\/fimacrypto.com\/wp-content\/uploads\/2024\/01\/discipline-600x242.png\" class=\"attachment-medium size-medium wp-image-7656\" alt=\"discipline, blog header\" srcset=\"https:\/\/fimacrypto.com\/wp-content\/uploads\/2024\/01\/discipline-600x242.png 600w, https:\/\/fimacrypto.com\/wp-content\/uploads\/2024\/01\/discipline-1024x413.png 1024w, https:\/\/fimacrypto.com\/wp-content\/uploads\/2024\/01\/discipline-768x310.png 768w, https:\/\/fimacrypto.com\/wp-content\/uploads\/2024\/01\/discipline-1200x484.png 1200w, https:\/\/fimacrypto.com\/wp-content\/uploads\/2024\/01\/discipline.png 1240w\" sizes=\"auto, (max-width: 600px) 100vw, 600px\" \/><\/div><\/a>\n\t\t\t\t<div class=\"elementor-post__avatar\">\n\t\t\t\t\t<\/div>\n\t\t\t\t<div class=\"elementor-post__text\">\n\t\t\t\t<h3 class=\"elementor-post__title\">\n\t\t\t<a href=\"https:\/\/fimacrypto.com\/hr\/crypto-blog\/disciplina-d-dobre-navike-investiranja-i-tigovanja\/\" >\n\t\t\t\tDisciplina: slovo D &#8211; Dobre navike investiranja i trgovanja\t\t\t<\/a>\n\t\t<\/h3>\n\t\t\t\t<div class=\"elementor-post__excerpt\">\n\t\t\t<p>Za\u0161to investiramo? Mnogo je razloga i to\u010dnih odgovora, a naj\u010de\u0161\u0107i su sigurnost, dodatni prihod te kapitalna dobit. Investiranje mo\u017ee biti<\/p>\n\t\t<\/div>\n\t\t\n\t\t<a class=\"elementor-post__read-more\" href=\"https:\/\/fimacrypto.com\/hr\/crypto-blog\/disciplina-d-dobre-navike-investiranja-i-tigovanja\/\" aria-label=\"Read more about Disciplina: slovo D &#8211; Dobre navike investiranja i trgovanja\" >\n\t\t\tSaznaj vi\u0161e \u00bb\t\t<\/a>\n\n\t\t\t\t<\/div>\n\t\t\t\t<div class=\"elementor-post__meta-data\">\n\t\t\t\t\t<span class=\"elementor-post-date\">\n\t\t\t21.1.2024.\t\t<\/span>\n\t\t\t\t<\/div>\n\t\t\t\t\t<\/div>\n\t\t<\/article>\n\t\t\t\t<article class=\"elementor-post elementor-grid-item post-7552 post type-post status-publish format-standard has-post-thumbnail hentry category-crypto-blog\">\n\t\t\t<div class=\"elementor-post__card\">\n\t\t\t\t<a class=\"elementor-post__thumbnail__link\" href=\"https:\/\/fimacrypto.com\/hr\/crypto-blog\/digitalna-ekonomija-stvara-digitalnu-imovinu\/\" ><div class=\"elementor-post__thumbnail\"><img loading=\"lazy\" decoding=\"async\" width=\"600\" height=\"242\" src=\"https:\/\/fimacrypto.com\/wp-content\/uploads\/2023\/12\/dig.-eco.-crypto-blog-headline-img-600x242.png\" class=\"attachment-medium size-medium wp-image-7554\" alt=\"\" srcset=\"https:\/\/fimacrypto.com\/wp-content\/uploads\/2023\/12\/dig.-eco.-crypto-blog-headline-img-600x242.png 600w, https:\/\/fimacrypto.com\/wp-content\/uploads\/2023\/12\/dig.-eco.-crypto-blog-headline-img-1024x413.png 1024w, https:\/\/fimacrypto.com\/wp-content\/uploads\/2023\/12\/dig.-eco.-crypto-blog-headline-img-768x310.png 768w, https:\/\/fimacrypto.com\/wp-content\/uploads\/2023\/12\/dig.-eco.-crypto-blog-headline-img-1200x484.png 1200w, https:\/\/fimacrypto.com\/wp-content\/uploads\/2023\/12\/dig.-eco.-crypto-blog-headline-img.png 1240w\" sizes=\"auto, (max-width: 600px) 100vw, 600px\" \/><\/div><\/a>\n\t\t\t\t<div class=\"elementor-post__avatar\">\n\t\t\t\t\t<\/div>\n\t\t\t\t<div class=\"elementor-post__text\">\n\t\t\t\t<h3 class=\"elementor-post__title\">\n\t\t\t<a href=\"https:\/\/fimacrypto.com\/hr\/crypto-blog\/digitalna-ekonomija-stvara-digitalnu-imovinu\/\" >\n\t\t\t\tDigitalna ekonomija stvara digitalnu imovinu\t\t\t<\/a>\n\t\t<\/h3>\n\t\t\t\t<div class=\"elementor-post__excerpt\">\n\t\t\t<p>Digitalna ekonomija se razvija i sve je prisutnija u na\u0161em okru\u017eenju, samo je pitanje koliko smo si to osvijestili bilo<\/p>\n\t\t<\/div>\n\t\t\n\t\t<a class=\"elementor-post__read-more\" href=\"https:\/\/fimacrypto.com\/hr\/crypto-blog\/digitalna-ekonomija-stvara-digitalnu-imovinu\/\" aria-label=\"Read more about Digitalna ekonomija stvara digitalnu imovinu\" >\n\t\t\tSaznaj vi\u0161e \u00bb\t\t<\/a>\n\n\t\t\t\t<\/div>\n\t\t\t\t<div class=\"elementor-post__meta-data\">\n\t\t\t\t\t<span class=\"elementor-post-date\">\n\t\t\t15.12.2023.\t\t<\/span>\n\t\t\t\t<\/div>\n\t\t\t\t\t<\/div>\n\t\t<\/article>\n\t\t\t\t<article class=\"elementor-post elementor-grid-item post-6069 post type-post status-publish format-standard has-post-thumbnail hentry category-crypto-blog\">\n\t\t\t<div class=\"elementor-post__card\">\n\t\t\t\t<a class=\"elementor-post__thumbnail__link\" href=\"https:\/\/fimacrypto.com\/hr\/crypto-blog\/digitalna-ekonomija-je-dio-nase-svakodnevnice\/\" ><div class=\"elementor-post__thumbnail\"><img loading=\"lazy\" decoding=\"async\" width=\"600\" height=\"315\" src=\"https:\/\/fimacrypto.com\/wp-content\/uploads\/2023\/02\/Crypto14-600x315.png\" class=\"attachment-medium size-medium wp-image-5364\" alt=\"\" srcset=\"https:\/\/fimacrypto.com\/wp-content\/uploads\/2023\/02\/Crypto14-600x315.png 600w, https:\/\/fimacrypto.com\/wp-content\/uploads\/2023\/02\/Crypto14-1024x538.png 1024w, https:\/\/fimacrypto.com\/wp-content\/uploads\/2023\/02\/Crypto14-768x403.png 768w, https:\/\/fimacrypto.com\/wp-content\/uploads\/2023\/02\/Crypto14.png 1200w\" sizes=\"auto, (max-width: 600px) 100vw, 600px\" \/><\/div><\/a>\n\t\t\t\t<div class=\"elementor-post__avatar\">\n\t\t\t\t\t<\/div>\n\t\t\t\t<div class=\"elementor-post__text\">\n\t\t\t\t<h3 class=\"elementor-post__title\">\n\t\t\t<a href=\"https:\/\/fimacrypto.com\/hr\/crypto-blog\/digitalna-ekonomija-je-dio-nase-svakodnevnice\/\" >\n\t\t\t\tDigitalna ekonomija je dio na\u0161e svakodnevnice\t\t\t<\/a>\n\t\t<\/h3>\n\t\t\t\t<div class=\"elementor-post__excerpt\">\n\t\t\t<p>Danas \u017eivimo u vremenima fascinantnih otkri\u0107a i promjena svekolikog \u017eivota i koliko god to kome \u010dudno zvu\u010dalo mi jo\u0161 uvijek<\/p>\n\t\t<\/div>\n\t\t\n\t\t<a class=\"elementor-post__read-more\" href=\"https:\/\/fimacrypto.com\/hr\/crypto-blog\/digitalna-ekonomija-je-dio-nase-svakodnevnice\/\" aria-label=\"Read more about Digitalna ekonomija je dio na\u0161e svakodnevnice\" >\n\t\t\tSaznaj vi\u0161e \u00bb\t\t<\/a>\n\n\t\t\t\t<\/div>\n\t\t\t\t<div class=\"elementor-post__meta-data\">\n\t\t\t\t\t<span class=\"elementor-post-date\">\n\t\t\t29.3.2023.\t\t<\/span>\n\t\t\t\t<\/div>\n\t\t\t\t\t<\/div>\n\t\t<\/article>\n\t\t\t\t<\/div>\n\t\t\n\t\t\t\t<\/div>\n\t\t\t\t<\/div>\n\t\t\t\t\t<\/div>\n\t\t<\/div>\n\t\t\t\t\t\t\t<\/div>\n\t\t<\/section>\n\t\t\t\t\t\t\t<\/div>\n\t\t","protected":false},"excerpt":{"rendered":"","protected":false},"author":5,"featured_media":5364,"parent":0,"menu_order":0,"comment_status":"closed","ping_status":"closed","template":"elementor_header_footer","meta":{"_acf_changed":false,"footnotes":""},"class_list":["post-6192","page","type-page","status-publish","has-post-thumbnail","hentry"],"acf":[],"yoast_head":"<!-- This site is optimized with the Yoast SEO plugin v19.7.1 - https:\/\/yoast.com\/wordpress\/plugins\/seo\/ -->\n<title>Blog - FIMA Crypto<\/title>\n<meta name=\"robots\" content=\"index, follow, max-snippet:-1, max-image-preview:large, max-video-preview:-1\" \/>\n<link rel=\"canonical\" href=\"https:\/\/fimacrypto.com\/hr\/blog\/\" \/>\n<meta property=\"og:locale\" content=\"hr_HR\" \/>\n<meta property=\"og:type\" content=\"article\" \/>\n<meta property=\"og:title\" content=\"Blog - FIMA Crypto\" \/>\n<meta property=\"og:url\" content=\"https:\/\/fimacrypto.com\/hr\/blog\/\" \/>\n<meta property=\"og:site_name\" content=\"FIMA Crypto\" \/>\n<meta property=\"article:modified_time\" content=\"2024-01-15T08:29:33+00:00\" \/>\n<meta property=\"og:image\" content=\"https:\/\/fimacrypto.com\/wp-content\/uploads\/2023\/02\/Crypto14.png\" \/>\n\t<meta property=\"og:image:width\" content=\"1200\" \/>\n\t<meta property=\"og:image:height\" content=\"630\" \/>\n\t<meta property=\"og:image:type\" content=\"image\/png\" \/>\n<meta name=\"twitter:card\" content=\"summary_large_image\" \/>\n<meta name=\"twitter:label1\" content=\"Procijenjeno vrijeme \u010ditanja\" \/>\n\t<meta name=\"twitter:data1\" content=\"1 minuta\" \/>\n<script type=\"application\/ld+json\" class=\"yoast-schema-graph\">{\"@context\":\"https:\/\/schema.org\",\"@graph\":[{\"@type\":\"WebPage\",\"@id\":\"https:\/\/fimacrypto.com\/hr\/blog\/\",\"url\":\"https:\/\/fimacrypto.com\/hr\/blog\/\",\"name\":\"Blog - FIMA Crypto\",\"isPartOf\":{\"@id\":\"https:\/\/fimacrypto.com\/hr\/#website\"},\"datePublished\":\"2023-03-30T07:41:40+00:00\",\"dateModified\":\"2024-01-15T08:29:33+00:00\",\"breadcrumb\":{\"@id\":\"https:\/\/fimacrypto.com\/hr\/blog\/#breadcrumb\"},\"inLanguage\":\"hr\",\"potentialAction\":[{\"@type\":\"ReadAction\",\"target\":[\"https:\/\/fimacrypto.com\/hr\/blog\/\"]}]},{\"@type\":\"BreadcrumbList\",\"@id\":\"https:\/\/fimacrypto.com\/hr\/blog\/#breadcrumb\",\"itemListElement\":[{\"@type\":\"ListItem\",\"position\":1,\"name\":\"Naslovna\",\"item\":\"https:\/\/fimacrypto.com\/hr\/\"},{\"@type\":\"ListItem\",\"position\":2,\"name\":\"Blog\"}]},{\"@type\":\"WebSite\",\"@id\":\"https:\/\/fimacrypto.com\/hr\/#website\",\"url\":\"https:\/\/fimacrypto.com\/hr\/\",\"name\":\"FIMA Crypto\",\"description\":\"\",\"publisher\":{\"@id\":\"https:\/\/fimacrypto.com\/hr\/#organization\"},\"potentialAction\":[{\"@type\":\"SearchAction\",\"target\":{\"@type\":\"EntryPoint\",\"urlTemplate\":\"https:\/\/fimacrypto.com\/hr\/?s={search_term_string}\"},\"query-input\":\"required name=search_term_string\"}],\"inLanguage\":\"hr\"},{\"@type\":\"Organization\",\"@id\":\"https:\/\/fimacrypto.com\/hr\/#organization\",\"name\":\"Karfijam d.o.o.\",\"url\":\"https:\/\/fimacrypto.com\/hr\/\",\"sameAs\":[],\"logo\":{\"@type\":\"ImageObject\",\"inLanguage\":\"hr\",\"@id\":\"https:\/\/fimacrypto.com\/hr\/#\/schema\/logo\/image\/\",\"url\":\"https:\/\/fimacrypto.com\/wp-content\/uploads\/2022\/09\/fimacrypto-logo-100.png\",\"contentUrl\":\"https:\/\/fimacrypto.com\/wp-content\/uploads\/2022\/09\/fimacrypto-logo-100.png\",\"width\":100,\"height\":100,\"caption\":\"Karfijam d.o.o.\"},\"image\":{\"@id\":\"https:\/\/fimacrypto.com\/hr\/#\/schema\/logo\/image\/\"}}]}<\/script>\n<!-- \/ Yoast SEO plugin. -->","yoast_head_json":{"title":"Blog - FIMA Crypto","robots":{"index":"index","follow":"follow","max-snippet":"max-snippet:-1","max-image-preview":"max-image-preview:large","max-video-preview":"max-video-preview:-1"},"canonical":"https:\/\/fimacrypto.com\/hr\/blog\/","og_locale":"hr_HR","og_type":"article","og_title":"Blog - FIMA Crypto","og_url":"https:\/\/fimacrypto.com\/hr\/blog\/","og_site_name":"FIMA Crypto","article_modified_time":"2024-01-15T08:29:33+00:00","og_image":[{"width":1200,"height":630,"url":"https:\/\/fimacrypto.com\/wp-content\/uploads\/2023\/02\/Crypto14.png","type":"image\/png"}],"twitter_card":"summary_large_image","twitter_misc":{"Procijenjeno vrijeme \u010ditanja":"1 minuta"},"schema":{"@context":"https:\/\/schema.org","@graph":[{"@type":"WebPage","@id":"https:\/\/fimacrypto.com\/hr\/blog\/","url":"https:\/\/fimacrypto.com\/hr\/blog\/","name":"Blog - FIMA Crypto","isPartOf":{"@id":"https:\/\/fimacrypto.com\/hr\/#website"},"datePublished":"2023-03-30T07:41:40+00:00","dateModified":"2024-01-15T08:29:33+00:00","breadcrumb":{"@id":"https:\/\/fimacrypto.com\/hr\/blog\/#breadcrumb"},"inLanguage":"hr","potentialAction":[{"@type":"ReadAction","target":["https:\/\/fimacrypto.com\/hr\/blog\/"]}]},{"@type":"BreadcrumbList","@id":"https:\/\/fimacrypto.com\/hr\/blog\/#breadcrumb","itemListElement":[{"@type":"ListItem","position":1,"name":"Naslovna","item":"https:\/\/fimacrypto.com\/hr\/"},{"@type":"ListItem","position":2,"name":"Blog"}]},{"@type":"WebSite","@id":"https:\/\/fimacrypto.com\/hr\/#website","url":"https:\/\/fimacrypto.com\/hr\/","name":"FIMA Crypto","description":"","publisher":{"@id":"https:\/\/fimacrypto.com\/hr\/#organization"},"potentialAction":[{"@type":"SearchAction","target":{"@type":"EntryPoint","urlTemplate":"https:\/\/fimacrypto.com\/hr\/?s={search_term_string}"},"query-input":"required name=search_term_string"}],"inLanguage":"hr"},{"@type":"Organization","@id":"https:\/\/fimacrypto.com\/hr\/#organization","name":"Karfijam d.o.o.","url":"https:\/\/fimacrypto.com\/hr\/","sameAs":[],"logo":{"@type":"ImageObject","inLanguage":"hr","@id":"https:\/\/fimacrypto.com\/hr\/#\/schema\/logo\/image\/","url":"https:\/\/fimacrypto.com\/wp-content\/uploads\/2022\/09\/fimacrypto-logo-100.png","contentUrl":"https:\/\/fimacrypto.com\/wp-content\/uploads\/2022\/09\/fimacrypto-logo-100.png","width":100,"height":100,"caption":"Karfijam d.o.o."},"image":{"@id":"https:\/\/fimacrypto.com\/hr\/#\/schema\/logo\/image\/"}}]}},"_links":{"self":[{"href":"https:\/\/fimacrypto.com\/hr\/wp-json\/wp\/v2\/pages\/6192","targetHints":{"allow":["GET"]}}],"collection":[{"href":"https:\/\/fimacrypto.com\/hr\/wp-json\/wp\/v2\/pages"}],"about":[{"href":"https:\/\/fimacrypto.com\/hr\/wp-json\/wp\/v2\/types\/page"}],"author":[{"embeddable":true,"href":"https:\/\/fimacrypto.com\/hr\/wp-json\/wp\/v2\/users\/5"}],"replies":[{"embeddable":true,"href":"https:\/\/fimacrypto.com\/hr\/wp-json\/wp\/v2\/comments?post=6192"}],"version-history":[{"count":13,"href":"https:\/\/fimacrypto.com\/hr\/wp-json\/wp\/v2\/pages\/6192\/revisions"}],"predecessor-version":[{"id":7653,"href":"https:\/\/fimacrypto.com\/hr\/wp-json\/wp\/v2\/pages\/6192\/revisions\/7653"}],"wp:featuredmedia":[{"embeddable":true,"href":"https:\/\/fimacrypto.com\/hr\/wp-json\/wp\/v2\/media\/5364"}],"wp:attachment":[{"href":"https:\/\/fimacrypto.com\/hr\/wp-json\/wp\/v2\/media?parent=6192"}],"curies":[{"name":"wp","href":"https:\/\/api.w.org\/{rel}","templated":true}]}}