{"id":4663,"date":"2022-09-26T13:22:57","date_gmt":"2022-09-26T11:22:57","guid":{"rendered":"https:\/\/fimacrypto.com\/privacy-policy\/"},"modified":"2025-01-31T15:02:49","modified_gmt":"2025-01-31T14:02:49","slug":"politika-privatnosti","status":"publish","type":"page","link":"https:\/\/fimacrypto.com\/hr\/politika-privatnosti\/","title":{"rendered":"Politika privatnosti"},"content":{"rendered":"\t\t<div data-elementor-type=\"wp-page\" data-elementor-id=\"4663\" class=\"elementor elementor-4663 elementor-3\">\n\t\t\t\t\t\t\t\t\t<section class=\"elementor-section elementor-top-section elementor-element elementor-element-726d071c elementor-section-boxed elementor-section-height-default elementor-section-height-default\" data-id=\"726d071c\" data-element_type=\"section\" data-settings=\"{&quot;background_background&quot;:&quot;classic&quot;}\">\n\t\t\t\t\t\t<div class=\"elementor-container elementor-column-gap-default\">\n\t\t\t\t\t<div class=\"elementor-column elementor-col-100 elementor-top-column elementor-element elementor-element-7956c18c\" data-id=\"7956c18c\" data-element_type=\"column\">\n\t\t\t<div class=\"elementor-widget-wrap elementor-element-populated\">\n\t\t\t\t\t\t\t\t<div class=\"elementor-element elementor-element-78ec5cba elementor-widget elementor-widget-text-editor\" data-id=\"78ec5cba\" data-element_type=\"widget\" data-widget_type=\"text-editor.default\">\n\t\t\t\t<div class=\"elementor-widget-container\">\n\t\t\t\t\t\t\t<h2>Politika privatnosti<\/h2><p>Zbog sigurnosti podataka na ovoj adresi, te kako bismo osigurali da ova usluga bude pristupa\u010dna svim korisnicima, internet stranica fimacrypto.com\u00a0koristi programsku podr\u0161ku koja prati posjete na mre\u017eu i pru\u017ea za\u0161titu od neovla\u0161tenog kori\u0161tenja ili izmjena podataka. Me\u0111utim, svaki korisnik ovih internet stranica izlo\u017een je odre\u0111enom stupnju rizika da neovla\u0161tene osobe ili aplikacije mogu zaobi\u0107i sigurnosne mjere, u kojem slu\u010daju fimacrypto.com ne\u0107e biti odgovorna za bilo kakvu izravnu ili neizravnu, slu\u010dajnu, nematerijalnu ili materijalnu \u0161tetu, gubitke ili tro\u0161kove.<\/p><p>Prilikom registracije na <a href=\"https:\/\/www.fimacrypto.com\" target=\"_blank\" rel=\"noopener\">https:\/\/www.fimacrypto.com<\/a> stranici, Fima Crypto prikuplja osobne podatke korisnika poput imena, prezimena, adrese, OIB-a, naziva tvrtke, telefonskog broja, e-mail adrese, preslike osobne iskaznice. Ti podaci \u0107e se koristiti u svrhu kontakata, potvrde identiteta i evidencije korisnika ove web stranice i ne\u0107e ih dati na kori\u0161tenje tre\u0107im osobama. Komunikacija ili materijali koje dostavite, kao \u0161to su pitanja, komentari, prijedlozi i sl. ne\u0107e se smatrati povjerljivim materijalima.<\/p><p>Ako dijelite s nama osobne podatke druge osobe morate za to imati njezin prethodni pristanak. U tom slu\u010daju morate informirati ove osobe o tome na koji na\u010din obra\u0111ujemo osobne podatke u skladu s na\u0161om za\u0161titom privatnosti.<\/p><p>Na Va\u0161 zahtjev podaci se mogu a\u017eurirati, ispraviti ili obrisati putem korisni\u010dkog su\u010delja nakon prijave na stranici, a tako\u0111er mo\u017eete zatra\u017eiti i to pravo kontaktiranjem na <a href=\"mailto:info@fimacrypto.com\" target=\"_blank\" rel=\"noopener\">info@fimacrypto.com<\/a><\/p><h2>Slanje poruka elektronskom po\u0161tom (e-mailom)<\/h2><p>Slanjem poruka putem elektronske po\u0161te (e-mail) s osobnim podacima po kojima je mogu\u0107e utvrditi Va\u0161 identitet mo\u017ee biti nesigurno i podlo\u017eno neovla\u0161tenom pristupu tre\u0107ih ili pogre\u0161noj dostavi. Fima Crypto ne odgovara za sigurnost i privatnost takvih poruka, zadr\u017eavaju\u0107i pritom pravo da iste reproducira, koristi, raspola\u017ee i distribuira bez ograni\u010denja.<\/p><h2>Koja je definirana svrha i pravni temelj<\/h2><p>Poslana informacija je pravna osnova na kojoj baziramo odgovaraju\u0107e obrade. Kad nas kontaktirate da biste dobili neku informaciju ili ulo\u017eili prigovor, Fima Crypto sprema podijeljenu informaciju.<\/p><h2>Kori\u0161tenje servisa Google Analytics<\/h2><p>Ova web stranica koristi funkcije servisa Google Analytics za potrebu web analize. Dobavlja\u010d je Google Inc., 1600 amfiteatar Parkway Mountain<br \/>View, CA 94043, SAD. Google Analytics koristi kola\u010di\u0107e. Prilikom va\u0161e posjete ovoj web stranici koriste se kola\u010di\u0107i za generiranje podataka koje Google prikuplja i obra\u0111uje.<\/p><p>Vi\u0161e informacija o obradi korisni\u010dkih podataka na usluzi Google Analytics potra\u017eite u Googleovim pravilima o privatnosti: <a href=\"https:\/\/support.google.com\/analytics\/answer\/6004245?hl=hr\" target=\"_blank\" rel=\"noopener\">https:\/\/support.google.com\/analytics\/answer\/6004245?hl=hr<\/a><\/p><p>U slu\u010daju da to \u017eelite mo\u017eete se isklju\u010diti iz Google Analytics statistika na na\u0161im i svim web stranicama koriste\u0107i Google upute: <a href=\"https:\/\/tools.google.com\/dlpage\/gaoptout?hl=hr\">https:\/\/tools.google.com\/dlpage\/gaoptout?hl=hr<\/a><\/p><h2>Bilten dostavljan e-po\u0161tom (Email Newsletter)<\/h2><p>Mo\u017eete se pretplatiti na na\u0161 bilten (newsletter) putem na\u0161e web stranice. Za to nam je potrebna va\u0161a adresa e-po\u0161te i va\u0161a privola da prihva\u0107ate newsletter. Dopunske informacije o tvrtki, adresi i podru\u010djima interesa obra\u0111ujemo i koristimo za slanje tra\u017eenih informacija. One ne\u0107e biti proslje\u0111ivane tre\u0107im stranama.<\/p><p>Mo\u017eete odbiti dati privolu za upotrebu va\u0161e adrese e-po\u0161te za potrebu dostave newslettera i to u bilo kojem trenutku. To mo\u017eete u\u010diniti putem poveznice u pojedinom biltenu ili izravnim kontaktom na <a style=\"white-space: nowrap;\" href=\"mailto:info@fimacrypto.com\">info@fimacrypto.com<\/a>. U tom \u0107emo slu\u010daju odmah izbrisati va\u0161e podatke u vezi dostave newslettera.<\/p><p>Za distribuciju newslettera koristimo sustav MailChimp (za\u0161titni znak tvrtke Rocket Science Group, LLC, 675 Ponce De Leon Ave NE 5000, Atlanta, GA 30308, SAD). MailChimp je prilago\u0111en Privacy Shield dogovoru o za\u0161titi podataka, te se mora pridr\u017eavati pravila o privatnosti EU-a. Pravila o za\u0161titi privatnosti od strane MailChimpa: <a href=\"https:\/\/mailchimp.com\/legal\/privacy\/\" target=\"_blank\" rel=\"noopener\">https:\/\/mailchimp.com\/legal\/privacy\/<\/a><\/p><p>Va\u0161i podaci se koriste samo u svrhu dostave newslettera, procjenu isporuke i pobolj\u0161anja usluge. MailChimp vas ne\u0107e izravno kontaktirati ili koristiti va\u0161e podatke. Oni se ne\u0107e proslje\u0111ivati tre\u0107im stranama. Podaci koje koristi MailChimp uklju\u010duju \u201cweb beacon\u201d koji u MailChimp \u0161alje informacije o otvaranju newlettera i\/ ili aktivaciju poveznica unutar newslettera. Kod tog procesa, informacije o va\u0161em Internet pregledniku, va\u0161oj IP adresi i va\u0161oj lokaciji \u0107e biti poslane u MailChimp.<\/p><h2>Trajanje pohrane podataka<\/h2><p>Fima Crypto prikuplja i koristi osobne podatke kako bismo Vam pru\u017eili optimalnu ponudu usluga i obavijestili Vas o novim proizvodima. Ukoliko za njih niste zainteresirani, uvijek nas o tome mo\u017eete obavijestiti putem kontakt podataka.<\/p><p>Podaci pohranjeni kod nas \u2013 uklju\u010duju\u0107i i osobne podatke \u2013 pohranjeni su sve dok to odgovara zakonskoj obvezi pohrane ili je prikladno za ispunjenje na\u0161ih usluga. U svakom trenutku mo\u017eete zatra\u017eiti brisanje podataka na email <a style=\"white-space: nowrap;\" href=\"mailto:info@fimacrypto.com\">info@fimacrypto.com<\/a>.<\/p><h2>Linkovi na stranice tre\u0107ih osoba<\/h2><p>Ovo mre\u017eno odredi\u0161te sadr\u017ei poveznice na druge web stranice (tzv. eksterne veze). Nemamo kontrolu nad \u010dinjenicom da li su operatori drugih web stranica u skladu s propisima o za\u0161titi podataka, a Fima Crypto ne snosi nikakvu odgovornost za to\u010dnost informacija, sadr\u017eaj tih stranica, niti rezultate koji se mogu dobiti njihovim kori\u0161tenjem.<\/p><p>Ako odlu\u010dite ostvariti pristup nekoj vanjskoj web stranici klikom na link na stranicama fimacrypto.com to \u010dinite u cijelosti na vlastitu odgovornost.<\/p><h2>Informacije<\/h2><div><p>Sve informacije dostupne na ovim internet stranicama su isklju\u010divo informativnog karaktera, ne smiju se koristiti u komercijalne svrhe niti distribuirati tre\u0107ima.Informacije koje Fima Crypto objavljuje na ovim www stranicama smatraju se to\u010dnima i pouzdanima u vrijeme njihovog uno\u0161enja, me\u0111utim, ne jam\u010di za to\u010dnost, istinitost ili pouzdanost bilo kojeg od podataka pohranjenih na ovim www stranicama.<\/p><\/div><h2>Mjerodavno pravo<\/h2><p>Pristupom i kori\u0161tenjem ovih internet stranica prihva\u0107ate i podvrgavate se hrvatskom materijalnom pravu kao isklju\u010divo mjerodavnom za tuma\u010denje, primjenu i pravne u\u010dinke svih dopu\u0161tenja, isklju\u010denja, i uvjeta upotrebe. Za sve zahtjeve i sporove koji nastanu kao rezultat<br \/>upotrebe web stranica Fima Crypto ili u vezi s njima isklju\u010divo su nadle\u017eni hrvatski sudovi.<\/p><p>Fima Crypto ne jam\u010di da su materijali sadr\u017eani na predmetnim web stranicama primjereni ili korisni\u010dki dostupni na odre\u0111enim lokacijama,<br \/>odnosno ne odgovara za pristup istima s teritorija dr\u017eava gdje je njihov sadr\u017eaj zakonom zabranjen. Smatrat \u0107e se da je pristup web stranicama s<br \/>navedenih lokacija poduzet samovoljno uz odgovornost korisnika prema mjerodavnom pravu.<\/p><h2>Informacije o kola\u010di\u0107ima<\/h2><h4>Definicija kola\u010di\u0107a i koje kola\u010di\u0107e koristimo.<\/h4><div><p>Da bismo u\u010dinili posjet na\u0161oj stranici i aplikaciji \u0161to atraktivnijim i omogu\u0107ili kori\u0161tenje nekih funkcija, koristimo kola\u010di\u0107e na razli\u010ditim stranicama. Kola\u010di\u0107i su male tekstovne datoteke pohranjene na Va\u0161im ure\u0111ajima. Neki od kola\u010di\u0107a koje koristimo se bri\u0161u nakon isteka sesije preglednika, odnosno, nakon zatvaranja Va\u0161eg preglednika (tzv. kola\u010di\u0107i sesije).<\/p><\/div><p>Ostali kola\u010di\u0107i ostaju na Va\u0161im ure\u0111ajima i omogu\u0107uju nama ili ovla\u0161tenim tre\u0107im stranama da prepoznaju Va\u0161 preglednik prilikom sljede\u0107eg posjeta (Trajni kola\u010di\u0107i). Mo\u017eete postaviti na Va\u0161em pregledniku da Vas se informira o postavkama kola\u010di\u0107a i da sami odlu\u010dite ho\u0107ete li ih prihvatiti ili isklju\u010dite prihva\u0107anje kola\u010di\u0107a za odre\u0111ene situacije op\u0107enito.<\/p><h4>Kakvi sve kola\u010di\u0107i postoje?<\/h4><p><strong>Neophodni kola\u010di\u0107i<\/strong> su potrebni je vam omogu\u0107uju navigaciju po web stranici ili aplikaciji i pri kori\u0161tenju njihovih zna\u010dajki. Bez ovih kola\u010di\u0107a ne mo\u017ee se jam\u010diti funkcionalnost, kao npr. koraci prilikom posjeta stranici (npr. Unos teksta), pa \u010dak i pri navigiranju izme\u0111u stranica. Ove nu\u017ene kola\u010di\u0107e mo\u017eemo koristiti neovisno o Va\u0161oj privoli za kori\u0161tenjem ne-nu\u017enij kola\u010di\u0107a.<\/p><p><strong>Funkcionalni kola\u010di\u0107i<\/strong> omogu\u0107avaju web stranici ili aplikaciji da sa\u010duvaju informacije koje su ve\u0107 upisane prije (kao npr. korisni\u010dko ime, izbor jezika ili lokacija) i da pobolj\u0161aju korisnikovu sposobnost ponude osobnih detalja. Ovi kola\u010di\u0107i skupljaju anonimne informacije i ne mogu pratiti te korake na drugim web stranicama. Ove nu\u017ene kola\u010di\u0107e mo\u017eemo koristiti neovisno o Va\u0161oj privoli za kori\u0161tenjem ne-nu\u017enij kola\u010di\u0107a.<\/p><p><strong>Izvedbeni kola\u010di\u0107i<\/strong> prikupljaju informacije o kori\u0161tenju weba, npr. koje stranice posjetitelj posje\u0107uje naj\u010de\u0161\u0107e i druge korisne podatke i statistike. Ovi kola\u010di\u0107i ne pohranjuju informacije o identitetu korisnika. Prikupljene informacije su sa\u017eete (grupirane) i anonimne. Ovaj tip kola\u010di\u0107a se koriste da bi se pobolj\u0161ao rad stranice, a time i korisni\u010dko iskustvo korisnika. Ove kola\u010di\u0107e koristimo isklju\u010divo ako ste dali privolu za kori\u0161tenjem ne-nu\u017enih kola\u010di\u0107a, a u ovaj tip kola\u010di\u0107a spadaju i kola\u010di\u0107i koje postavlja Google Analytics usluga.<\/p><p><strong>Kola\u010di\u0107i za marketin\u0161ke svrhe<\/strong> se koriste u svrhu ciljanog reklamiranja va\u017eno za korisnika i prilago\u0111eno njegovim interesima. Koriste se da bi se ograni\u010dila u\u010destalost oglasa i mjerila u\u010dinkovitost reklamnih kampanja. Oni zabilje\u017ee Va\u0161 posjet stranici\/aplikaciji. Ova informacija se mo\u017ee dijeliti s tre\u0107im stranama (npr. Ogla\u0161iva\u010dima). U svrhu pobolj\u0161anja ciljanja i reklamiranja, kola\u010di\u0107i se \u010desto povezuju s funkcionalnostima tre\u0107ih strana. Ove kola\u010di\u0107e zasad ne koristimo, a ako \u0107emo ih koristiti to \u0107e biti isklju\u010divo u slu\u010daju da ste nam dali privolu za kori\u0161tenjem ne-nu\u017enih kola\u010di\u0107a<\/p><h2>Pravo izmjene<\/h2><p>Zadr\u017eavamo prava na promjene pravila za\u0161tite privatnosti u skladu sa zakonskim odredbama. Svakako \u0107emo Vas obavijestiti o svim va\u017enim promjenama, kao \u0161to su promjene svrhe ili o novim svrhama obrade.<\/p>\t\t\t\t\t\t<\/div>\n\t\t\t\t<\/div>\n\t\t\t\t\t<\/div>\n\t\t<\/div>\n\t\t\t\t\t\t\t<\/div>\n\t\t<\/section>\n\t\t\t\t\t\t\t<\/div>\n\t\t","protected":false},"excerpt":{"rendered":"<p>Politika privatnosti Zbog sigurnosti podataka na ovoj adresi, te kako bismo osigurali da ova usluga bude pristupa\u010dna svim korisnicima, internet &hellip;<\/p>\n","protected":false},"author":1,"featured_media":0,"parent":0,"menu_order":0,"comment_status":"closed","ping_status":"closed","template":"","meta":{"_acf_changed":false,"footnotes":""},"class_list":["post-4663","page","type-page","status-publish","hentry"],"acf":[],"yoast_head":"<!-- This site is optimized with the Yoast SEO plugin v19.7.1 - https:\/\/yoast.com\/wordpress\/plugins\/seo\/ -->\n<title>Politika privatnosti - FIMA Crypto<\/title>\n<meta name=\"description\" content=\"FIMA Crypt politika privatnosti\" \/>\n<meta name=\"robots\" content=\"index, follow, max-snippet:-1, max-image-preview:large, max-video-preview:-1\" \/>\n<link rel=\"canonical\" href=\"https:\/\/fimacrypto.com\/hr\/politika-privatnosti\/\" \/>\n<meta property=\"og:locale\" content=\"hr_HR\" \/>\n<meta property=\"og:type\" content=\"article\" \/>\n<meta property=\"og:title\" content=\"Politika privatnosti - FIMA Crypto\" \/>\n<meta property=\"og:description\" content=\"FIMA Crypt politika privatnosti\" \/>\n<meta property=\"og:url\" content=\"https:\/\/fimacrypto.com\/hr\/politika-privatnosti\/\" \/>\n<meta property=\"og:site_name\" content=\"FIMA Crypto\" \/>\n<meta property=\"article:modified_time\" content=\"2025-01-31T14:02:49+00:00\" \/>\n<meta name=\"twitter:card\" content=\"summary_large_image\" \/>\n<meta name=\"twitter:label1\" content=\"Procijenjeno vrijeme \u010ditanja\" \/>\n\t<meta name=\"twitter:data1\" content=\"8 minuta\" \/>\n<script type=\"application\/ld+json\" class=\"yoast-schema-graph\">{\"@context\":\"https:\/\/schema.org\",\"@graph\":[{\"@type\":\"WebPage\",\"@id\":\"https:\/\/fimacrypto.com\/hr\/politika-privatnosti\/\",\"url\":\"https:\/\/fimacrypto.com\/hr\/politika-privatnosti\/\",\"name\":\"Politika privatnosti - FIMA Crypto\",\"isPartOf\":{\"@id\":\"https:\/\/fimacrypto.com\/hr\/#website\"},\"datePublished\":\"2022-09-26T11:22:57+00:00\",\"dateModified\":\"2025-01-31T14:02:49+00:00\",\"description\":\"FIMA Crypt politika privatnosti\",\"breadcrumb\":{\"@id\":\"https:\/\/fimacrypto.com\/hr\/politika-privatnosti\/#breadcrumb\"},\"inLanguage\":\"hr\",\"potentialAction\":[{\"@type\":\"ReadAction\",\"target\":[\"https:\/\/fimacrypto.com\/hr\/politika-privatnosti\/\"]}]},{\"@type\":\"BreadcrumbList\",\"@id\":\"https:\/\/fimacrypto.com\/hr\/politika-privatnosti\/#breadcrumb\",\"itemListElement\":[{\"@type\":\"ListItem\",\"position\":1,\"name\":\"Naslovna\",\"item\":\"https:\/\/fimacrypto.com\/hr\/\"},{\"@type\":\"ListItem\",\"position\":2,\"name\":\"Politika privatnosti\"}]},{\"@type\":\"WebSite\",\"@id\":\"https:\/\/fimacrypto.com\/hr\/#website\",\"url\":\"https:\/\/fimacrypto.com\/hr\/\",\"name\":\"FIMA Crypto\",\"description\":\"\",\"publisher\":{\"@id\":\"https:\/\/fimacrypto.com\/hr\/#organization\"},\"potentialAction\":[{\"@type\":\"SearchAction\",\"target\":{\"@type\":\"EntryPoint\",\"urlTemplate\":\"https:\/\/fimacrypto.com\/hr\/?s={search_term_string}\"},\"query-input\":\"required name=search_term_string\"}],\"inLanguage\":\"hr\"},{\"@type\":\"Organization\",\"@id\":\"https:\/\/fimacrypto.com\/hr\/#organization\",\"name\":\"Karfijam d.o.o.\",\"url\":\"https:\/\/fimacrypto.com\/hr\/\",\"sameAs\":[],\"logo\":{\"@type\":\"ImageObject\",\"inLanguage\":\"hr\",\"@id\":\"https:\/\/fimacrypto.com\/hr\/#\/schema\/logo\/image\/\",\"url\":\"https:\/\/fimacrypto.com\/wp-content\/uploads\/2022\/09\/fimacrypto-logo-100.png\",\"contentUrl\":\"https:\/\/fimacrypto.com\/wp-content\/uploads\/2022\/09\/fimacrypto-logo-100.png\",\"width\":100,\"height\":100,\"caption\":\"Karfijam d.o.o.\"},\"image\":{\"@id\":\"https:\/\/fimacrypto.com\/hr\/#\/schema\/logo\/image\/\"}}]}<\/script>\n<!-- \/ Yoast SEO plugin. -->","yoast_head_json":{"title":"Politika privatnosti - FIMA Crypto","description":"FIMA Crypt politika privatnosti","robots":{"index":"index","follow":"follow","max-snippet":"max-snippet:-1","max-image-preview":"max-image-preview:large","max-video-preview":"max-video-preview:-1"},"canonical":"https:\/\/fimacrypto.com\/hr\/politika-privatnosti\/","og_locale":"hr_HR","og_type":"article","og_title":"Politika privatnosti - FIMA Crypto","og_description":"FIMA Crypt politika privatnosti","og_url":"https:\/\/fimacrypto.com\/hr\/politika-privatnosti\/","og_site_name":"FIMA Crypto","article_modified_time":"2025-01-31T14:02:49+00:00","twitter_card":"summary_large_image","twitter_misc":{"Procijenjeno vrijeme \u010ditanja":"8 minuta"},"schema":{"@context":"https:\/\/schema.org","@graph":[{"@type":"WebPage","@id":"https:\/\/fimacrypto.com\/hr\/politika-privatnosti\/","url":"https:\/\/fimacrypto.com\/hr\/politika-privatnosti\/","name":"Politika privatnosti - FIMA Crypto","isPartOf":{"@id":"https:\/\/fimacrypto.com\/hr\/#website"},"datePublished":"2022-09-26T11:22:57+00:00","dateModified":"2025-01-31T14:02:49+00:00","description":"FIMA Crypt politika privatnosti","breadcrumb":{"@id":"https:\/\/fimacrypto.com\/hr\/politika-privatnosti\/#breadcrumb"},"inLanguage":"hr","potentialAction":[{"@type":"ReadAction","target":["https:\/\/fimacrypto.com\/hr\/politika-privatnosti\/"]}]},{"@type":"BreadcrumbList","@id":"https:\/\/fimacrypto.com\/hr\/politika-privatnosti\/#breadcrumb","itemListElement":[{"@type":"ListItem","position":1,"name":"Naslovna","item":"https:\/\/fimacrypto.com\/hr\/"},{"@type":"ListItem","position":2,"name":"Politika privatnosti"}]},{"@type":"WebSite","@id":"https:\/\/fimacrypto.com\/hr\/#website","url":"https:\/\/fimacrypto.com\/hr\/","name":"FIMA Crypto","description":"","publisher":{"@id":"https:\/\/fimacrypto.com\/hr\/#organization"},"potentialAction":[{"@type":"SearchAction","target":{"@type":"EntryPoint","urlTemplate":"https:\/\/fimacrypto.com\/hr\/?s={search_term_string}"},"query-input":"required name=search_term_string"}],"inLanguage":"hr"},{"@type":"Organization","@id":"https:\/\/fimacrypto.com\/hr\/#organization","name":"Karfijam d.o.o.","url":"https:\/\/fimacrypto.com\/hr\/","sameAs":[],"logo":{"@type":"ImageObject","inLanguage":"hr","@id":"https:\/\/fimacrypto.com\/hr\/#\/schema\/logo\/image\/","url":"https:\/\/fimacrypto.com\/wp-content\/uploads\/2022\/09\/fimacrypto-logo-100.png","contentUrl":"https:\/\/fimacrypto.com\/wp-content\/uploads\/2022\/09\/fimacrypto-logo-100.png","width":100,"height":100,"caption":"Karfijam d.o.o."},"image":{"@id":"https:\/\/fimacrypto.com\/hr\/#\/schema\/logo\/image\/"}}]}},"_links":{"self":[{"href":"https:\/\/fimacrypto.com\/hr\/wp-json\/wp\/v2\/pages\/4663","targetHints":{"allow":["GET"]}}],"collection":[{"href":"https:\/\/fimacrypto.com\/hr\/wp-json\/wp\/v2\/pages"}],"about":[{"href":"https:\/\/fimacrypto.com\/hr\/wp-json\/wp\/v2\/types\/page"}],"author":[{"embeddable":true,"href":"https:\/\/fimacrypto.com\/hr\/wp-json\/wp\/v2\/users\/1"}],"replies":[{"embeddable":true,"href":"https:\/\/fimacrypto.com\/hr\/wp-json\/wp\/v2\/comments?post=4663"}],"version-history":[{"count":65,"href":"https:\/\/fimacrypto.com\/hr\/wp-json\/wp\/v2\/pages\/4663\/revisions"}],"predecessor-version":[{"id":8835,"href":"https:\/\/fimacrypto.com\/hr\/wp-json\/wp\/v2\/pages\/4663\/revisions\/8835"}],"wp:attachment":[{"href":"https:\/\/fimacrypto.com\/hr\/wp-json\/wp\/v2\/media?parent=4663"}],"curies":[{"name":"wp","href":"https:\/\/api.w.org\/{rel}","templated":true}]}}