{"id":4474,"date":"2022-11-04T01:37:37","date_gmt":"2022-11-04T00:37:37","guid":{"rendered":"https:\/\/fimacrypto.com\/company-information\/"},"modified":"2025-09-29T14:16:27","modified_gmt":"2025-09-29T12:16:27","slug":"company-information","status":"publish","type":"page","link":"https:\/\/fimacrypto.com\/hr\/company-information\/","title":{"rendered":"Osnovne informacije"},"content":{"rendered":"\t\t<div data-elementor-type=\"wp-page\" data-elementor-id=\"4474\" class=\"elementor elementor-4474 elementor-3545\">\n\t\t\t\t\t\t\t\t\t<section class=\"elementor-section elementor-top-section elementor-element elementor-element-726d071c elementor-section-boxed elementor-section-height-default elementor-section-height-default\" data-id=\"726d071c\" data-element_type=\"section\">\n\t\t\t\t\t\t<div class=\"elementor-container elementor-column-gap-default\">\n\t\t\t\t\t<div class=\"elementor-column elementor-col-100 elementor-top-column elementor-element elementor-element-7956c18c\" data-id=\"7956c18c\" data-element_type=\"column\">\n\t\t\t<div class=\"elementor-widget-wrap elementor-element-populated\">\n\t\t\t\t\t\t\t\t<div class=\"elementor-element elementor-element-78ec5cba elementor-widget elementor-widget-text-editor\" data-id=\"78ec5cba\" data-element_type=\"widget\" data-widget_type=\"text-editor.default\">\n\t\t\t\t<div class=\"elementor-widget-container\">\n\t\t\t\t\t\t\t<p>TVRTKA<br \/><strong>Fima Crypto d.o.o.<\/strong><\/p><p>SJEDI\u0160TE<br \/><strong>Ljubljana<br \/>Simonitijeva 15<\/strong><\/p><p>MBS<br \/><strong>9162402000<\/strong><\/p><p>Porezni broj:<br \/><strong>55642764<\/strong><\/p><p>TEMELJNI KAPITAL<br \/><strong>7.500 \u20ac, upla\u0107en u cijelosti<\/strong><\/p><p>\u010cLANOVI UPRAVE<br \/><strong>Ivica Jovi\u0107, Direktor<\/strong><\/p><p>*Karfijam d.o.o. je vlasnik domene i osniva\u010d kompanije Fima Crypto.<\/p>\t\t\t\t\t\t<\/div>\n\t\t\t\t<\/div>\n\t\t\t\t\t<\/div>\n\t\t<\/div>\n\t\t\t\t\t\t\t<\/div>\n\t\t<\/section>\n\t\t\t\t\t\t\t<\/div>\n\t\t","protected":false},"excerpt":{"rendered":"<p>TVRTKAFima Crypto d.o.o. SJEDI\u0160TELjubljanaSimonitijeva 15 MBS9162402000 Porezni broj:55642764 TEMELJNI KAPITAL7.500 \u20ac, upla\u0107en u cijelosti \u010cLANOVI UPRAVEIvica Jovi\u0107, Direktor *Karfijam d.o.o. &hellip;<\/p>\n","protected":false},"author":1,"featured_media":0,"parent":0,"menu_order":0,"comment_status":"closed","ping_status":"closed","template":"","meta":{"_acf_changed":false,"footnotes":""},"class_list":["post-4474","page","type-page","status-publish","hentry"],"acf":[],"yoast_head":"<!-- This site is optimized with the Yoast SEO plugin v19.7.1 - https:\/\/yoast.com\/wordpress\/plugins\/seo\/ -->\n<title>Osnovne informacije - FIMA Crypto<\/title>\n<meta name=\"robots\" content=\"index, follow, max-snippet:-1, max-image-preview:large, max-video-preview:-1\" \/>\n<link rel=\"canonical\" href=\"https:\/\/fimacrypto.com\/hr\/company-information\/\" \/>\n<meta property=\"og:locale\" content=\"hr_HR\" \/>\n<meta property=\"og:type\" content=\"article\" \/>\n<meta property=\"og:title\" content=\"Osnovne informacije - FIMA Crypto\" \/>\n<meta property=\"og:description\" content=\"TVRTKAFima Crypto d.o.o. SJEDI\u0160TELjubljanaSimonitijeva 15 MBS9162402000 Porezni broj:55642764 TEMELJNI KAPITAL7.500 \u20ac, upla\u0107en u cijelosti \u010cLANOVI UPRAVEIvica Jovi\u0107, Direktor *Karfijam d.o.o. &hellip;\" \/>\n<meta property=\"og:url\" content=\"https:\/\/fimacrypto.com\/hr\/company-information\/\" \/>\n<meta property=\"og:site_name\" content=\"FIMA Crypto\" \/>\n<meta property=\"article:modified_time\" content=\"2025-09-29T12:16:27+00:00\" \/>\n<meta name=\"twitter:card\" content=\"summary_large_image\" \/>\n<meta name=\"twitter:label1\" content=\"Procijenjeno vrijeme \u010ditanja\" \/>\n\t<meta name=\"twitter:data1\" content=\"1 minuta\" \/>\n<script type=\"application\/ld+json\" class=\"yoast-schema-graph\">{\"@context\":\"https:\/\/schema.org\",\"@graph\":[{\"@type\":\"WebPage\",\"@id\":\"https:\/\/fimacrypto.com\/hr\/company-information\/\",\"url\":\"https:\/\/fimacrypto.com\/hr\/company-information\/\",\"name\":\"Osnovne informacije - FIMA Crypto\",\"isPartOf\":{\"@id\":\"https:\/\/fimacrypto.com\/hr\/#website\"},\"datePublished\":\"2022-11-04T00:37:37+00:00\",\"dateModified\":\"2025-09-29T12:16:27+00:00\",\"breadcrumb\":{\"@id\":\"https:\/\/fimacrypto.com\/hr\/company-information\/#breadcrumb\"},\"inLanguage\":\"hr\",\"potentialAction\":[{\"@type\":\"ReadAction\",\"target\":[\"https:\/\/fimacrypto.com\/hr\/company-information\/\"]}]},{\"@type\":\"BreadcrumbList\",\"@id\":\"https:\/\/fimacrypto.com\/hr\/company-information\/#breadcrumb\",\"itemListElement\":[{\"@type\":\"ListItem\",\"position\":1,\"name\":\"Naslovna\",\"item\":\"https:\/\/fimacrypto.com\/hr\/\"},{\"@type\":\"ListItem\",\"position\":2,\"name\":\"Osnovne informacije\"}]},{\"@type\":\"WebSite\",\"@id\":\"https:\/\/fimacrypto.com\/hr\/#website\",\"url\":\"https:\/\/fimacrypto.com\/hr\/\",\"name\":\"FIMA Crypto\",\"description\":\"\",\"publisher\":{\"@id\":\"https:\/\/fimacrypto.com\/hr\/#organization\"},\"potentialAction\":[{\"@type\":\"SearchAction\",\"target\":{\"@type\":\"EntryPoint\",\"urlTemplate\":\"https:\/\/fimacrypto.com\/hr\/?s={search_term_string}\"},\"query-input\":\"required name=search_term_string\"}],\"inLanguage\":\"hr\"},{\"@type\":\"Organization\",\"@id\":\"https:\/\/fimacrypto.com\/hr\/#organization\",\"name\":\"Karfijam d.o.o.\",\"url\":\"https:\/\/fimacrypto.com\/hr\/\",\"sameAs\":[],\"logo\":{\"@type\":\"ImageObject\",\"inLanguage\":\"hr\",\"@id\":\"https:\/\/fimacrypto.com\/hr\/#\/schema\/logo\/image\/\",\"url\":\"https:\/\/fimacrypto.com\/wp-content\/uploads\/2022\/09\/fimacrypto-logo-100.png\",\"contentUrl\":\"https:\/\/fimacrypto.com\/wp-content\/uploads\/2022\/09\/fimacrypto-logo-100.png\",\"width\":100,\"height\":100,\"caption\":\"Karfijam d.o.o.\"},\"image\":{\"@id\":\"https:\/\/fimacrypto.com\/hr\/#\/schema\/logo\/image\/\"}}]}<\/script>\n<!-- \/ Yoast SEO plugin. -->","yoast_head_json":{"title":"Osnovne informacije - FIMA Crypto","robots":{"index":"index","follow":"follow","max-snippet":"max-snippet:-1","max-image-preview":"max-image-preview:large","max-video-preview":"max-video-preview:-1"},"canonical":"https:\/\/fimacrypto.com\/hr\/company-information\/","og_locale":"hr_HR","og_type":"article","og_title":"Osnovne informacije - FIMA Crypto","og_description":"TVRTKAFima Crypto d.o.o. SJEDI\u0160TELjubljanaSimonitijeva 15 MBS9162402000 Porezni broj:55642764 TEMELJNI KAPITAL7.500 \u20ac, upla\u0107en u cijelosti \u010cLANOVI UPRAVEIvica Jovi\u0107, Direktor *Karfijam d.o.o. &hellip;","og_url":"https:\/\/fimacrypto.com\/hr\/company-information\/","og_site_name":"FIMA Crypto","article_modified_time":"2025-09-29T12:16:27+00:00","twitter_card":"summary_large_image","twitter_misc":{"Procijenjeno vrijeme \u010ditanja":"1 minuta"},"schema":{"@context":"https:\/\/schema.org","@graph":[{"@type":"WebPage","@id":"https:\/\/fimacrypto.com\/hr\/company-information\/","url":"https:\/\/fimacrypto.com\/hr\/company-information\/","name":"Osnovne informacije - FIMA Crypto","isPartOf":{"@id":"https:\/\/fimacrypto.com\/hr\/#website"},"datePublished":"2022-11-04T00:37:37+00:00","dateModified":"2025-09-29T12:16:27+00:00","breadcrumb":{"@id":"https:\/\/fimacrypto.com\/hr\/company-information\/#breadcrumb"},"inLanguage":"hr","potentialAction":[{"@type":"ReadAction","target":["https:\/\/fimacrypto.com\/hr\/company-information\/"]}]},{"@type":"BreadcrumbList","@id":"https:\/\/fimacrypto.com\/hr\/company-information\/#breadcrumb","itemListElement":[{"@type":"ListItem","position":1,"name":"Naslovna","item":"https:\/\/fimacrypto.com\/hr\/"},{"@type":"ListItem","position":2,"name":"Osnovne informacije"}]},{"@type":"WebSite","@id":"https:\/\/fimacrypto.com\/hr\/#website","url":"https:\/\/fimacrypto.com\/hr\/","name":"FIMA Crypto","description":"","publisher":{"@id":"https:\/\/fimacrypto.com\/hr\/#organization"},"potentialAction":[{"@type":"SearchAction","target":{"@type":"EntryPoint","urlTemplate":"https:\/\/fimacrypto.com\/hr\/?s={search_term_string}"},"query-input":"required name=search_term_string"}],"inLanguage":"hr"},{"@type":"Organization","@id":"https:\/\/fimacrypto.com\/hr\/#organization","name":"Karfijam d.o.o.","url":"https:\/\/fimacrypto.com\/hr\/","sameAs":[],"logo":{"@type":"ImageObject","inLanguage":"hr","@id":"https:\/\/fimacrypto.com\/hr\/#\/schema\/logo\/image\/","url":"https:\/\/fimacrypto.com\/wp-content\/uploads\/2022\/09\/fimacrypto-logo-100.png","contentUrl":"https:\/\/fimacrypto.com\/wp-content\/uploads\/2022\/09\/fimacrypto-logo-100.png","width":100,"height":100,"caption":"Karfijam d.o.o."},"image":{"@id":"https:\/\/fimacrypto.com\/hr\/#\/schema\/logo\/image\/"}}]}},"_links":{"self":[{"href":"https:\/\/fimacrypto.com\/hr\/wp-json\/wp\/v2\/pages\/4474","targetHints":{"allow":["GET"]}}],"collection":[{"href":"https:\/\/fimacrypto.com\/hr\/wp-json\/wp\/v2\/pages"}],"about":[{"href":"https:\/\/fimacrypto.com\/hr\/wp-json\/wp\/v2\/types\/page"}],"author":[{"embeddable":true,"href":"https:\/\/fimacrypto.com\/hr\/wp-json\/wp\/v2\/users\/1"}],"replies":[{"embeddable":true,"href":"https:\/\/fimacrypto.com\/hr\/wp-json\/wp\/v2\/comments?post=4474"}],"version-history":[{"count":13,"href":"https:\/\/fimacrypto.com\/hr\/wp-json\/wp\/v2\/pages\/4474\/revisions"}],"predecessor-version":[{"id":9429,"href":"https:\/\/fimacrypto.com\/hr\/wp-json\/wp\/v2\/pages\/4474\/revisions\/9429"}],"wp:attachment":[{"href":"https:\/\/fimacrypto.com\/hr\/wp-json\/wp\/v2\/media?parent=4474"}],"curies":[{"name":"wp","href":"https:\/\/api.w.org\/{rel}","templated":true}]}}